{"id":11023,"date":"2026-03-16T10:19:09","date_gmt":"2026-03-16T09:19:09","guid":{"rendered":"https:\/\/www.spieringscranes.com\/?page_id=11023"},"modified":"2026-04-07T16:12:30","modified_gmt":"2026-04-07T14:12:30","slug":"grua-torre-movil","status":"publish","type":"page","link":"https:\/\/www.spieringscranes.com\/es\/grua-torre-movil\/","title":{"rendered":"Gr\u00faa torre m\u00f3viles"},"content":{"rendered":"","protected":false},"excerpt":{"rendered":"","protected":false},"author":9,"featured_media":0,"parent":0,"menu_order":0,"comment_status":"closed","ping_status":"closed","template":"","meta":{"_acf_changed":false,"inline_featured_image":false,"footnotes":""},"class_list":["post-11023","page","type-page","status-publish","hentry"],"acf":[],"yoast_head":"<title>Gr\u00faa torre m\u00f3viles - Spierings Mobile Cranes<\/title>\n<meta name=\"description\" content=\"Una gr\u00faa torre m\u00f3vil es una gr\u00faa torre sobre ruedas, dise\u00f1ada por Spierings para un despliegue r\u00e1pido y un posicionamiento flexible.\" \/>\n<meta name=\"robots\" content=\"index, follow, max-snippet:-1, max-image-preview:large, max-video-preview:-1\" \/>\n<link rel=\"canonical\" href=\"https:\/\/www.spieringscranes.com\/es\/grua-torre-movil\/\" \/>\n<meta property=\"og:locale\" content=\"es_ES\" \/>\n<meta property=\"og:type\" content=\"article\" \/>\n<meta property=\"og:title\" content=\"Gr\u00faa torre m\u00f3viles - Spierings Mobile Cranes\" \/>\n<meta property=\"og:description\" content=\"Una gr\u00faa torre m\u00f3vil es una gr\u00faa torre sobre ruedas, dise\u00f1ada por Spierings para un despliegue r\u00e1pido y un posicionamiento flexible.\" \/>\n<meta property=\"og:url\" content=\"https:\/\/www.spieringscranes.com\/es\/grua-torre-movil\/\" \/>\n<meta property=\"og:site_name\" content=\"Spierings Mobile Cranes\" \/>\n<meta property=\"article:modified_time\" content=\"2026-04-07T14:12:30+00:00\" \/>\n<meta name=\"twitter:card\" content=\"summary_large_image\" \/>\n<meta name=\"twitter:label1\" content=\"Tiempo de lectura\" \/>\n\t<meta name=\"twitter:data1\" content=\"15 minutos\" \/>\n<script type=\"application\/ld+json\" class=\"yoast-schema-graph\">{\"@context\":\"https:\/\/schema.org\",\"@graph\":[{\"@type\":\"WebPage\",\"@id\":\"https:\/\/www.spieringscranes.com\/es\/grua-torre-movil\/\",\"url\":\"https:\/\/www.spieringscranes.com\/es\/grua-torre-movil\/\",\"name\":\"Gr\u00faa torre m\u00f3viles - Spierings Mobile Cranes\",\"isPartOf\":{\"@id\":\"https:\/\/www.spieringscranes.com\/es\/#website\"},\"datePublished\":\"2026-03-16T09:19:09+00:00\",\"dateModified\":\"2026-04-07T14:12:30+00:00\",\"description\":\"Una gr\u00faa torre m\u00f3vil es una gr\u00faa torre sobre ruedas, dise\u00f1ada por Spierings para un despliegue r\u00e1pido y un posicionamiento flexible.\",\"breadcrumb\":{\"@id\":\"https:\/\/www.spieringscranes.com\/es\/grua-torre-movil\/#breadcrumb\"},\"inLanguage\":\"es\",\"potentialAction\":[{\"@type\":\"ReadAction\",\"target\":[\"https:\/\/www.spieringscranes.com\/es\/grua-torre-movil\/\"]}]},{\"@type\":\"BreadcrumbList\",\"@id\":\"https:\/\/www.spieringscranes.com\/es\/grua-torre-movil\/#breadcrumb\",\"itemListElement\":[{\"@type\":\"ListItem\",\"position\":1,\"name\":\"Home\",\"item\":\"https:\/\/www.spieringscranes.com\/es\/\"},{\"@type\":\"ListItem\",\"position\":2,\"name\":\"Gr\u00faa torre m\u00f3viles\"}]},{\"@type\":\"WebSite\",\"@id\":\"https:\/\/www.spieringscranes.com\/es\/#website\",\"url\":\"https:\/\/www.spieringscranes.com\/es\/\",\"name\":\"Spierings Mobile Cranes\",\"description\":\"Lift to the Max.\",\"inLanguage\":\"es\"}]}<\/script>","yoast_head_json":{"title":"Gr\u00faa torre m\u00f3viles - Spierings Mobile Cranes","description":"Una gr\u00faa torre m\u00f3vil es una gr\u00faa torre sobre ruedas, dise\u00f1ada por Spierings para un despliegue r\u00e1pido y un posicionamiento flexible.","robots":{"index":"index","follow":"follow","max-snippet":"max-snippet:-1","max-image-preview":"max-image-preview:large","max-video-preview":"max-video-preview:-1"},"canonical":"https:\/\/www.spieringscranes.com\/es\/grua-torre-movil\/","og_locale":"es_ES","og_type":"article","og_title":"Gr\u00faa torre m\u00f3viles - Spierings Mobile Cranes","og_description":"Una gr\u00faa torre m\u00f3vil es una gr\u00faa torre sobre ruedas, dise\u00f1ada por Spierings para un despliegue r\u00e1pido y un posicionamiento flexible.","og_url":"https:\/\/www.spieringscranes.com\/es\/grua-torre-movil\/","og_site_name":"Spierings Mobile Cranes","article_modified_time":"2026-04-07T14:12:30+00:00","twitter_card":"summary_large_image","twitter_misc":{"Tiempo de lectura":"15 minutos"},"schema":{"@context":"https:\/\/schema.org","@graph":[{"@type":"WebPage","@id":"https:\/\/www.spieringscranes.com\/es\/grua-torre-movil\/","url":"https:\/\/www.spieringscranes.com\/es\/grua-torre-movil\/","name":"Gr\u00faa torre m\u00f3viles - Spierings Mobile Cranes","isPartOf":{"@id":"https:\/\/www.spieringscranes.com\/es\/#website"},"datePublished":"2026-03-16T09:19:09+00:00","dateModified":"2026-04-07T14:12:30+00:00","description":"Una gr\u00faa torre m\u00f3vil es una gr\u00faa torre sobre ruedas, dise\u00f1ada por Spierings para un despliegue r\u00e1pido y un posicionamiento flexible.","breadcrumb":{"@id":"https:\/\/www.spieringscranes.com\/es\/grua-torre-movil\/#breadcrumb"},"inLanguage":"es","potentialAction":[{"@type":"ReadAction","target":["https:\/\/www.spieringscranes.com\/es\/grua-torre-movil\/"]}]},{"@type":"BreadcrumbList","@id":"https:\/\/www.spieringscranes.com\/es\/grua-torre-movil\/#breadcrumb","itemListElement":[{"@type":"ListItem","position":1,"name":"Home","item":"https:\/\/www.spieringscranes.com\/es\/"},{"@type":"ListItem","position":2,"name":"Gr\u00faa torre m\u00f3viles"}]},{"@type":"WebSite","@id":"https:\/\/www.spieringscranes.com\/es\/#website","url":"https:\/\/www.spieringscranes.com\/es\/","name":"Spierings Mobile Cranes","description":"Lift to the Max.","inLanguage":"es"}]}},"_links":{"self":[{"href":"https:\/\/www.spieringscranes.com\/es\/wp-json\/wp\/v2\/pages\/11023","targetHints":{"allow":["GET"]}}],"collection":[{"href":"https:\/\/www.spieringscranes.com\/es\/wp-json\/wp\/v2\/pages"}],"about":[{"href":"https:\/\/www.spieringscranes.com\/es\/wp-json\/wp\/v2\/types\/page"}],"author":[{"embeddable":true,"href":"https:\/\/www.spieringscranes.com\/es\/wp-json\/wp\/v2\/users\/9"}],"replies":[{"embeddable":true,"href":"https:\/\/www.spieringscranes.com\/es\/wp-json\/wp\/v2\/comments?post=11023"}],"version-history":[{"count":3,"href":"https:\/\/www.spieringscranes.com\/es\/wp-json\/wp\/v2\/pages\/11023\/revisions"}],"predecessor-version":[{"id":11497,"href":"https:\/\/www.spieringscranes.com\/es\/wp-json\/wp\/v2\/pages\/11023\/revisions\/11497"}],"wp:attachment":[{"href":"https:\/\/www.spieringscranes.com\/es\/wp-json\/wp\/v2\/media?parent=11023"}],"curies":[{"name":"wp","href":"https:\/\/api.w.org\/{rel}","templated":true}]}}