{"id":11109,"date":"2026-02-20T09:01:48","date_gmt":"2026-02-20T08:01:48","guid":{"rendered":"https:\/\/www.spieringscranes.com\/?page_id=11109"},"modified":"2026-03-20T11:37:08","modified_gmt":"2026-03-20T10:37:08","slug":"la-cabina-de-grua","status":"publish","type":"page","link":"https:\/\/www.spieringscranes.com\/es\/la-cabina-de-grua\/","title":{"rendered":"La cabina de gr\u00faa"},"content":{"rendered":"","protected":false},"excerpt":{"rendered":"","protected":false},"author":9,"featured_media":0,"parent":0,"menu_order":0,"comment_status":"closed","ping_status":"closed","template":"","meta":{"_acf_changed":false,"inline_featured_image":false,"footnotes":""},"class_list":["post-11109","page","type-page","status-publish","hentry"],"acf":[],"yoast_head":"<title>La cabina de gr\u00faa - Spierings Mobile Cranes<\/title>\n<meta name=\"description\" content=\"Descubre la cabina de gr\u00faa Spierings para gr\u00faas torre m\u00f3viles. Confort, ergonom\u00eda y seguridad. Leer m\u00e1s.\" \/>\n<meta name=\"robots\" content=\"index, follow, max-snippet:-1, max-image-preview:large, max-video-preview:-1\" \/>\n<link rel=\"canonical\" href=\"https:\/\/www.spieringscranes.com\/es\/la-cabina-de-grua\/\" \/>\n<meta property=\"og:locale\" content=\"es_ES\" \/>\n<meta property=\"og:type\" content=\"article\" \/>\n<meta property=\"og:title\" content=\"La cabina de gr\u00faa - Spierings Mobile Cranes\" \/>\n<meta property=\"og:description\" content=\"Descubre la cabina de gr\u00faa Spierings para gr\u00faas torre m\u00f3viles. Confort, ergonom\u00eda y seguridad. Leer m\u00e1s.\" \/>\n<meta property=\"og:url\" content=\"https:\/\/www.spieringscranes.com\/es\/la-cabina-de-grua\/\" \/>\n<meta property=\"og:site_name\" content=\"Spierings Mobile Cranes\" \/>\n<meta property=\"article:modified_time\" content=\"2026-03-20T10:37:08+00:00\" \/>\n<meta name=\"twitter:card\" content=\"summary_large_image\" \/>\n<meta name=\"twitter:label1\" content=\"Tiempo de lectura\" \/>\n\t<meta name=\"twitter:data1\" content=\"11 minutos\" \/>\n<script type=\"application\/ld+json\" class=\"yoast-schema-graph\">{\"@context\":\"https:\/\/schema.org\",\"@graph\":[{\"@type\":\"WebPage\",\"@id\":\"https:\/\/www.spieringscranes.com\/es\/la-cabina-de-grua\/\",\"url\":\"https:\/\/www.spieringscranes.com\/es\/la-cabina-de-grua\/\",\"name\":\"La cabina de gr\u00faa - Spierings Mobile Cranes\",\"isPartOf\":{\"@id\":\"https:\/\/www.spieringscranes.com\/es\/#website\"},\"datePublished\":\"2026-02-20T08:01:48+00:00\",\"dateModified\":\"2026-03-20T10:37:08+00:00\",\"description\":\"Descubre la cabina de gr\u00faa Spierings para gr\u00faas torre m\u00f3viles. Confort, ergonom\u00eda y seguridad. Leer m\u00e1s.\",\"breadcrumb\":{\"@id\":\"https:\/\/www.spieringscranes.com\/es\/la-cabina-de-grua\/#breadcrumb\"},\"inLanguage\":\"es\",\"potentialAction\":[{\"@type\":\"ReadAction\",\"target\":[\"https:\/\/www.spieringscranes.com\/es\/la-cabina-de-grua\/\"]}]},{\"@type\":\"BreadcrumbList\",\"@id\":\"https:\/\/www.spieringscranes.com\/es\/la-cabina-de-grua\/#breadcrumb\",\"itemListElement\":[{\"@type\":\"ListItem\",\"position\":1,\"name\":\"Home\",\"item\":\"https:\/\/www.spieringscranes.com\/es\/\"},{\"@type\":\"ListItem\",\"position\":2,\"name\":\"La cabina de gr\u00faa\"}]},{\"@type\":\"WebSite\",\"@id\":\"https:\/\/www.spieringscranes.com\/es\/#website\",\"url\":\"https:\/\/www.spieringscranes.com\/es\/\",\"name\":\"Spierings Mobile Cranes\",\"description\":\"Lift to the Max.\",\"inLanguage\":\"es\"}]}<\/script>","yoast_head_json":{"title":"La cabina de gr\u00faa - Spierings Mobile Cranes","description":"Descubre la cabina de gr\u00faa Spierings para gr\u00faas torre m\u00f3viles. Confort, ergonom\u00eda y seguridad. Leer m\u00e1s.","robots":{"index":"index","follow":"follow","max-snippet":"max-snippet:-1","max-image-preview":"max-image-preview:large","max-video-preview":"max-video-preview:-1"},"canonical":"https:\/\/www.spieringscranes.com\/es\/la-cabina-de-grua\/","og_locale":"es_ES","og_type":"article","og_title":"La cabina de gr\u00faa - Spierings Mobile Cranes","og_description":"Descubre la cabina de gr\u00faa Spierings para gr\u00faas torre m\u00f3viles. Confort, ergonom\u00eda y seguridad. Leer m\u00e1s.","og_url":"https:\/\/www.spieringscranes.com\/es\/la-cabina-de-grua\/","og_site_name":"Spierings Mobile Cranes","article_modified_time":"2026-03-20T10:37:08+00:00","twitter_card":"summary_large_image","twitter_misc":{"Tiempo de lectura":"11 minutos"},"schema":{"@context":"https:\/\/schema.org","@graph":[{"@type":"WebPage","@id":"https:\/\/www.spieringscranes.com\/es\/la-cabina-de-grua\/","url":"https:\/\/www.spieringscranes.com\/es\/la-cabina-de-grua\/","name":"La cabina de gr\u00faa - Spierings Mobile Cranes","isPartOf":{"@id":"https:\/\/www.spieringscranes.com\/es\/#website"},"datePublished":"2026-02-20T08:01:48+00:00","dateModified":"2026-03-20T10:37:08+00:00","description":"Descubre la cabina de gr\u00faa Spierings para gr\u00faas torre m\u00f3viles. Confort, ergonom\u00eda y seguridad. Leer m\u00e1s.","breadcrumb":{"@id":"https:\/\/www.spieringscranes.com\/es\/la-cabina-de-grua\/#breadcrumb"},"inLanguage":"es","potentialAction":[{"@type":"ReadAction","target":["https:\/\/www.spieringscranes.com\/es\/la-cabina-de-grua\/"]}]},{"@type":"BreadcrumbList","@id":"https:\/\/www.spieringscranes.com\/es\/la-cabina-de-grua\/#breadcrumb","itemListElement":[{"@type":"ListItem","position":1,"name":"Home","item":"https:\/\/www.spieringscranes.com\/es\/"},{"@type":"ListItem","position":2,"name":"La cabina de gr\u00faa"}]},{"@type":"WebSite","@id":"https:\/\/www.spieringscranes.com\/es\/#website","url":"https:\/\/www.spieringscranes.com\/es\/","name":"Spierings Mobile Cranes","description":"Lift to the Max.","inLanguage":"es"}]}},"_links":{"self":[{"href":"https:\/\/www.spieringscranes.com\/es\/wp-json\/wp\/v2\/pages\/11109","targetHints":{"allow":["GET"]}}],"collection":[{"href":"https:\/\/www.spieringscranes.com\/es\/wp-json\/wp\/v2\/pages"}],"about":[{"href":"https:\/\/www.spieringscranes.com\/es\/wp-json\/wp\/v2\/types\/page"}],"author":[{"embeddable":true,"href":"https:\/\/www.spieringscranes.com\/es\/wp-json\/wp\/v2\/users\/9"}],"replies":[{"embeddable":true,"href":"https:\/\/www.spieringscranes.com\/es\/wp-json\/wp\/v2\/comments?post=11109"}],"version-history":[{"count":3,"href":"https:\/\/www.spieringscranes.com\/es\/wp-json\/wp\/v2\/pages\/11109\/revisions"}],"predecessor-version":[{"id":11112,"href":"https:\/\/www.spieringscranes.com\/es\/wp-json\/wp\/v2\/pages\/11109\/revisions\/11112"}],"wp:attachment":[{"href":"https:\/\/www.spieringscranes.com\/es\/wp-json\/wp\/v2\/media?parent=11109"}],"curies":[{"name":"wp","href":"https:\/\/api.w.org\/{rel}","templated":true}]}}