{"id":9076,"date":"2025-02-21T15:31:13","date_gmt":"2025-02-21T14:31:13","guid":{"rendered":"https:\/\/www.spieringscranes.com\/?page_id=9076"},"modified":"2026-05-08T09:35:39","modified_gmt":"2026-05-08T07:35:39","slug":"eventos","status":"publish","type":"page","link":"https:\/\/www.spieringscranes.com\/es\/eventos\/","title":{"rendered":"Eventos"},"content":{"rendered":"","protected":false},"excerpt":{"rendered":"","protected":false},"author":6,"featured_media":0,"parent":0,"menu_order":60,"comment_status":"closed","ping_status":"closed","template":"","meta":{"_acf_changed":false,"inline_featured_image":false,"footnotes":""},"class_list":["post-9076","page","type-page","status-publish","hentry"],"acf":[],"yoast_head":"<title>Eventos - Spierings Mobile Cranes<\/title>\n<meta name=\"description\" content=\"Descubra los eventos de Spierings Mobile Cranes y conozca las \u00faltimas innovaciones en gr\u00faas torre m\u00f3viles y elevaci\u00f3n sostenible. Leer m\u00e1s.\" \/>\n<meta name=\"robots\" content=\"index, follow, max-snippet:-1, max-image-preview:large, max-video-preview:-1\" \/>\n<link rel=\"canonical\" href=\"https:\/\/www.spieringscranes.com\/es\/eventos\/\" \/>\n<meta property=\"og:locale\" content=\"es_ES\" \/>\n<meta property=\"og:type\" content=\"article\" \/>\n<meta property=\"og:title\" content=\"Eventos - Spierings Mobile Cranes\" \/>\n<meta property=\"og:description\" content=\"Descubra los eventos de Spierings Mobile Cranes y conozca las \u00faltimas innovaciones en gr\u00faas torre m\u00f3viles y elevaci\u00f3n sostenible. Leer m\u00e1s.\" \/>\n<meta property=\"og:url\" content=\"https:\/\/www.spieringscranes.com\/es\/eventos\/\" \/>\n<meta property=\"og:site_name\" content=\"Spierings Mobile Cranes\" \/>\n<meta property=\"article:modified_time\" content=\"2026-05-08T07:35:39+00:00\" \/>\n<meta name=\"twitter:card\" content=\"summary_large_image\" \/>\n<meta name=\"twitter:label1\" content=\"Tiempo de lectura\" \/>\n\t<meta name=\"twitter:data1\" content=\"1 minuto\" \/>\n<script type=\"application\/ld+json\" class=\"yoast-schema-graph\">{\"@context\":\"https:\\\/\\\/schema.org\",\"@graph\":[{\"@type\":\"WebPage\",\"@id\":\"https:\\\/\\\/www.spieringscranes.com\\\/es\\\/eventos\\\/\",\"url\":\"https:\\\/\\\/www.spieringscranes.com\\\/es\\\/eventos\\\/\",\"name\":\"Eventos - Spierings Mobile Cranes\",\"isPartOf\":{\"@id\":\"https:\\\/\\\/www.spieringscranes.com\\\/es\\\/#website\"},\"datePublished\":\"2025-02-21T14:31:13+00:00\",\"dateModified\":\"2026-05-08T07:35:39+00:00\",\"description\":\"Descubra los eventos de Spierings Mobile Cranes y conozca las \u00faltimas innovaciones en gr\u00faas torre m\u00f3viles y elevaci\u00f3n sostenible. Leer m\u00e1s.\",\"breadcrumb\":{\"@id\":\"https:\\\/\\\/www.spieringscranes.com\\\/es\\\/eventos\\\/#breadcrumb\"},\"inLanguage\":\"es\",\"potentialAction\":[{\"@type\":\"ReadAction\",\"target\":[\"https:\\\/\\\/www.spieringscranes.com\\\/es\\\/eventos\\\/\"]}]},{\"@type\":\"BreadcrumbList\",\"@id\":\"https:\\\/\\\/www.spieringscranes.com\\\/es\\\/eventos\\\/#breadcrumb\",\"itemListElement\":[{\"@type\":\"ListItem\",\"position\":1,\"name\":\"Home\",\"item\":\"https:\\\/\\\/www.spieringscranes.com\\\/es\\\/\"},{\"@type\":\"ListItem\",\"position\":2,\"name\":\"Eventos\"}]},{\"@type\":\"WebSite\",\"@id\":\"https:\\\/\\\/www.spieringscranes.com\\\/es\\\/#website\",\"url\":\"https:\\\/\\\/www.spieringscranes.com\\\/es\\\/\",\"name\":\"Spierings Mobile Cranes\",\"description\":\"Lift to the Max.\",\"inLanguage\":\"es\"}]}<\/script>","yoast_head_json":{"title":"Eventos - Spierings Mobile Cranes","description":"Descubra los eventos de Spierings Mobile Cranes y conozca las \u00faltimas innovaciones en gr\u00faas torre m\u00f3viles y elevaci\u00f3n sostenible. Leer m\u00e1s.","robots":{"index":"index","follow":"follow","max-snippet":"max-snippet:-1","max-image-preview":"max-image-preview:large","max-video-preview":"max-video-preview:-1"},"canonical":"https:\/\/www.spieringscranes.com\/es\/eventos\/","og_locale":"es_ES","og_type":"article","og_title":"Eventos - Spierings Mobile Cranes","og_description":"Descubra los eventos de Spierings Mobile Cranes y conozca las \u00faltimas innovaciones en gr\u00faas torre m\u00f3viles y elevaci\u00f3n sostenible. Leer m\u00e1s.","og_url":"https:\/\/www.spieringscranes.com\/es\/eventos\/","og_site_name":"Spierings Mobile Cranes","article_modified_time":"2026-05-08T07:35:39+00:00","twitter_card":"summary_large_image","twitter_misc":{"Tiempo de lectura":"1 minuto"},"schema":{"@context":"https:\/\/schema.org","@graph":[{"@type":"WebPage","@id":"https:\/\/www.spieringscranes.com\/es\/eventos\/","url":"https:\/\/www.spieringscranes.com\/es\/eventos\/","name":"Eventos - Spierings Mobile Cranes","isPartOf":{"@id":"https:\/\/www.spieringscranes.com\/es\/#website"},"datePublished":"2025-02-21T14:31:13+00:00","dateModified":"2026-05-08T07:35:39+00:00","description":"Descubra los eventos de Spierings Mobile Cranes y conozca las \u00faltimas innovaciones en gr\u00faas torre m\u00f3viles y elevaci\u00f3n sostenible. Leer m\u00e1s.","breadcrumb":{"@id":"https:\/\/www.spieringscranes.com\/es\/eventos\/#breadcrumb"},"inLanguage":"es","potentialAction":[{"@type":"ReadAction","target":["https:\/\/www.spieringscranes.com\/es\/eventos\/"]}]},{"@type":"BreadcrumbList","@id":"https:\/\/www.spieringscranes.com\/es\/eventos\/#breadcrumb","itemListElement":[{"@type":"ListItem","position":1,"name":"Home","item":"https:\/\/www.spieringscranes.com\/es\/"},{"@type":"ListItem","position":2,"name":"Eventos"}]},{"@type":"WebSite","@id":"https:\/\/www.spieringscranes.com\/es\/#website","url":"https:\/\/www.spieringscranes.com\/es\/","name":"Spierings Mobile Cranes","description":"Lift to the Max.","inLanguage":"es"}]}},"_links":{"self":[{"href":"https:\/\/www.spieringscranes.com\/es\/wp-json\/wp\/v2\/pages\/9076","targetHints":{"allow":["GET"]}}],"collection":[{"href":"https:\/\/www.spieringscranes.com\/es\/wp-json\/wp\/v2\/pages"}],"about":[{"href":"https:\/\/www.spieringscranes.com\/es\/wp-json\/wp\/v2\/types\/page"}],"author":[{"embeddable":true,"href":"https:\/\/www.spieringscranes.com\/es\/wp-json\/wp\/v2\/users\/6"}],"replies":[{"embeddable":true,"href":"https:\/\/www.spieringscranes.com\/es\/wp-json\/wp\/v2\/comments?post=9076"}],"version-history":[{"count":1,"href":"https:\/\/www.spieringscranes.com\/es\/wp-json\/wp\/v2\/pages\/9076\/revisions"}],"predecessor-version":[{"id":9077,"href":"https:\/\/www.spieringscranes.com\/es\/wp-json\/wp\/v2\/pages\/9076\/revisions\/9077"}],"wp:attachment":[{"href":"https:\/\/www.spieringscranes.com\/es\/wp-json\/wp\/v2\/media?parent=9076"}],"curies":[{"name":"wp","href":"https:\/\/api.w.org\/{rel}","templated":true}]}}